{"id":5,"date":"2025-02-14T19:39:40","date_gmt":"2025-02-14T19:39:40","guid":{"rendered":"https:\/\/red-crane-504515.hostingersite.com\/productos\/"},"modified":"2025-09-02T17:20:33","modified_gmt":"2025-09-02T17:20:33","slug":"productos","status":"publish","type":"page","link":"https:\/\/nievesnn.com\/?page_id=5","title":{"rendered":"Productos"},"content":{"rendered":"\n<div class=\"wp-block-group alignfull hostinger-ai-gallery-1 hostinger-ai-fade-up is-layout-flow wp-block-group-is-layout-flow\" data-aos=\"fade-up\">\n<div class=\"wp-block-group alignwide hostinger-ai-fade-up has-global-padding is-layout-constrained wp-block-group-is-layout-constrained\" data-aos=\"fade-up\" style=\"padding-top:var(--wp--preset--spacing--60);padding-bottom:var(--wp--preset--spacing--60)\">\n<h2 class=\"wp-block-heading has-text-align-center hostinger-ai-title has-dark-color has-text-color has-link-color has-x-large-font-size wp-elements-a54a1f703d94a755a99e1995ec3d1d40\" style=\"margin-top:0;margin-right:0;margin-bottom:var(--wp--preset--spacing--20);margin-left:0\">Deliciosos. \u00a1Pruebalos!<\/h2>\n\n\n\n<p class=\"has-text-align-center hostinger-ai-description has-dark-color has-text-color has-link-color has-medium-font-size wp-elements-7b093918eed4d516cbba9008e12a90cf\" style=\"margin-top:0;margin-bottom:0\">Explora nuestra variedad de nieve en diferentes presentaciones y paletas congeladas, perfectas para cualquier ocasi\u00f3n.<\/p>\n<\/div>\n\n\n\n<div class=\"wp-block-group hostinger-ai-fade-up has-global-padding is-layout-constrained wp-block-group-is-layout-constrained\" data-aos=\"fade-up\">\n<div class=\"wp-block-group alignwide hostinger-ai-fade-up is-content-justification-center is-nowrap is-layout-flex wp-container-core-group-is-layout-2 wp-block-group-is-layout-flex\" data-aos=\"fade-up\">\n<figure class=\"wp-block-image size-full has-custom-border hostinger-ai-image hostinger-index-2\"><img loading=\"lazy\" decoding=\"async\" width=\"2145\" height=\"1175\" src=\"https:\/\/nievesnn.com\/wp-content\/uploads\/2025\/02\/Litros-1.png\" alt=\"\" class=\"wp-image-44\" style=\"border-radius:8px\" srcset=\"https:\/\/nievesnn.com\/wp-content\/uploads\/2025\/02\/Litros-1.png 2145w, https:\/\/nievesnn.com\/wp-content\/uploads\/2025\/02\/Litros-1-300x164.png 300w, https:\/\/nievesnn.com\/wp-content\/uploads\/2025\/02\/Litros-1-1024x561.png 1024w, https:\/\/nievesnn.com\/wp-content\/uploads\/2025\/02\/Litros-1-768x421.png 768w, https:\/\/nievesnn.com\/wp-content\/uploads\/2025\/02\/Litros-1-1536x841.png 1536w, https:\/\/nievesnn.com\/wp-content\/uploads\/2025\/02\/Litros-1-2048x1122.png 2048w\" sizes=\"auto, (max-width: 2145px) 100vw, 2145px\" \/><\/figure>\n\n\n\n<figure class=\"wp-block-image size-full has-custom-border hostinger-ai-image hostinger-index-3\"><img loading=\"lazy\" decoding=\"async\" width=\"471\" height=\"888\" src=\"https:\/\/nievesnn.com\/wp-content\/uploads\/2025\/02\/Cono-2.png\" alt=\"\" class=\"wp-image-45\" style=\"border-radius:8px\" srcset=\"https:\/\/nievesnn.com\/wp-content\/uploads\/2025\/02\/Cono-2.png 471w, https:\/\/nievesnn.com\/wp-content\/uploads\/2025\/02\/Cono-2-159x300.png 159w\" sizes=\"auto, (max-width: 471px) 100vw, 471px\" \/><\/figure>\n<\/div>\n\n\n\n<div class=\"wp-block-group alignwide hostinger-ai-fade-up is-content-justification-center is-nowrap is-layout-flex wp-container-core-group-is-layout-3 wp-block-group-is-layout-flex\" data-aos=\"fade-up\" style=\"margin-bottom:var(--wp--preset--spacing--20)\">\n<figure class=\"wp-block-image size-full is-resized has-custom-border hostinger-ai-image\"><img loading=\"lazy\" decoding=\"async\" width=\"433\" height=\"507\" src=\"https:\/\/nievesnn.com\/wp-content\/uploads\/2025\/02\/Vaso-1.png\" alt=\"\" class=\"wp-image-46\" style=\"border-radius:8px;width:330px;height:auto\" srcset=\"https:\/\/nievesnn.com\/wp-content\/uploads\/2025\/02\/Vaso-1.png 433w, https:\/\/nievesnn.com\/wp-content\/uploads\/2025\/02\/Vaso-1-256x300.png 256w\" sizes=\"auto, (max-width: 433px) 100vw, 433px\" \/><\/figure>\n\n\n\n<figure class=\"wp-block-image size-full is-resized has-custom-border hostinger-ai-image hostinger-index-1\"><img loading=\"lazy\" decoding=\"async\" width=\"239\" height=\"134\" src=\"https:\/\/nievesnn.com\/wp-content\/uploads\/2025\/02\/Paletas-tipo-magnum.png\" alt=\"\" class=\"wp-image-47\" style=\"border-radius:8px;width:673px;height:auto\"\/><\/figure>\n<\/div>\n<\/div>\n<\/div>\n\n\n\n<div class=\"wp-block-group alignwide hostinger-ai-fade-up hostinger-ai-customer-reviews-3 is-content-justification-center is-nowrap is-layout-flex wp-container-core-group-is-layout-10 wp-block-group-is-layout-flex\" data-aos=\"fade-up\">\n<div class=\"wp-block-group alignwide hostinger-ai-fade-up is-layout-flow wp-block-group-is-layout-flow\" data-aos=\"fade-up\">\n<div class=\"wp-block-columns is-layout-flex wp-container-core-columns-is-layout-1 wp-block-columns-is-layout-flex\">\n<div class=\"wp-block-column is-layout-flow wp-block-column-is-layout-flow\" style=\"flex-basis:40%\">\n<h2 class=\"wp-block-heading alignfull has-text-align-left hostinger-ai-subtitle has-dark-color has-text-color has-link-color has-x-large-font-size wp-elements-3981a222ccc1bd771adcd47d6035d7d0\" style=\"margin-bottom:var(--wp--preset--spacing--50)\">\u00a1Deliciosas y frescas!<\/h2>\n\n\n\n<p>Contamos con diferentes presentaciones y precios:<\/p>\n\n\n\n<p>Litros desde $80 pesos (depende del sabor e ingredientes)<\/p>\n\n\n\n<p>Medio Litro $50 pesos (depende del sabor e ingredientes)<\/p>\n\n\n\n<p>Vaso 200 ml $30 pesos<\/p>\n\n\n\n<p>Paletas cilindricas $18 pesos y ovaladas $35 pesos<\/p>\n\n\n\n<p>Estamos enfocados en crear nieve sin saborizantes ni colorantes artificiales. Podemos crear sabores personalizados. Eso nos diferencia haciendo nuestros sabores frescos y el contenido de proteina hace que nuestra nieve te ayude a nutrirte. Nuestros sabores se enfocan en los tradicionales y regionales de la regi\u00f3n de Sinaloa M\u00e9xico. Producimos de l\u00ednea los siguientes sabores:<\/p>\n\n\n\n<p>Vainilla<\/p>\n\n\n\n<p>Chocolate<\/p>\n\n\n\n<p>Fresa<\/p>\n\n\n\n<p>Ciruela<\/p>\n\n\n\n<p>Arrayan<\/p>\n\n\n\n<p>Guanabana<\/p>\n<\/div>\n\n\n\n<div class=\"wp-block-column is-layout-flow wp-block-column-is-layout-flow\" style=\"flex-basis:60%\">\n<div class=\"wp-block-group is-vertical is-layout-flex wp-container-core-group-is-layout-8 wp-block-group-is-layout-flex\">\n<div class=\"wp-block-group hostinger-ai-fade-up is-nowrap is-layout-flex wp-container-core-group-is-layout-6 wp-block-group-is-layout-flex\" data-aos=\"fade-up\" data-aos=\"fade-up\" data-aos=\"fade-up\" data-aos=\"fade-up\" style=\"padding-bottom:var(--wp--preset--spacing--40)\">\n<figure class=\"wp-block-image size-full has-custom-border hostinger-ai-testimonial-image hostinger-index-3\"><img loading=\"lazy\" decoding=\"async\" width=\"744\" height=\"1131\" src=\"https:\/\/nievesnn.com\/wp-content\/uploads\/2025\/02\/Palets-tipo-cilindro.png\" alt=\"\" class=\"wp-image-49\" style=\"border-radius:8px;object-fit:cover\" srcset=\"https:\/\/nievesnn.com\/wp-content\/uploads\/2025\/02\/Palets-tipo-cilindro.png 744w, https:\/\/nievesnn.com\/wp-content\/uploads\/2025\/02\/Palets-tipo-cilindro-197x300.png 197w, https:\/\/nievesnn.com\/wp-content\/uploads\/2025\/02\/Palets-tipo-cilindro-674x1024.png 674w\" sizes=\"auto, (max-width: 744px) 100vw, 744px\" \/><\/figure>\n\n\n\n<p class=\"hostinger-ai-testimonial-text hostinger-index-1 has-dark-color has-text-color has-link-color has-medium-font-size wp-elements-587a11d4403ef7193008ae4a77569379 wp-container-content-1\" style=\"padding-left:var(--wp--preset--spacing--20)\">Opiniones de nuestros clientes lo confirman: \u201dLas paletas congeladas son exquisitas, perfectas para el calor, a un precio accesible. \u00a1Altamente recomendadas!\u201d<\/p>\n<\/div>\n\n\n\n<div class=\"wp-block-group hostinger-ai-fade-up is-nowrap is-layout-flex wp-container-core-group-is-layout-7 wp-block-group-is-layout-flex\" data-aos=\"fade-up\">\n<figure class=\"wp-block-image size-full has-custom-border hostinger-ai-testimonial-image hostinger-index-4\"><img loading=\"lazy\" decoding=\"async\" width=\"813\" height=\"1051\" src=\"https:\/\/nievesnn.com\/wp-content\/uploads\/2025\/02\/paletas-tipo-magnum-2-1.png\" alt=\"\" class=\"wp-image-50\" style=\"border-radius:8px;object-fit:cover\" srcset=\"https:\/\/nievesnn.com\/wp-content\/uploads\/2025\/02\/paletas-tipo-magnum-2-1.png 813w, https:\/\/nievesnn.com\/wp-content\/uploads\/2025\/02\/paletas-tipo-magnum-2-1-232x300.png 232w, https:\/\/nievesnn.com\/wp-content\/uploads\/2025\/02\/paletas-tipo-magnum-2-1-792x1024.png 792w, https:\/\/nievesnn.com\/wp-content\/uploads\/2025\/02\/paletas-tipo-magnum-2-1-768x993.png 768w\" sizes=\"auto, (max-width: 813px) 100vw, 813px\" \/><\/figure>\n\n\n\n<p class=\"hostinger-ai-testimonial-text has-dark-color has-text-color has-link-color has-medium-font-size wp-elements-43ead94f6d2562f199903ff2db074100 wp-container-content-2\" style=\"padding-left:var(--wp--preset--spacing--20)\">\u201dLa nieve tiene un sabor \u00fanico y refrescante. El chocolate contrasta con el sabor y lo intensifica. Siempre regreso por m\u00e1s. \u00a1Incre\u00edble!\u201d<\/p>\n<\/div>\n<\/div>\n<\/div>\n<\/div>\n<\/div>\n<\/div>\n","protected":false},"excerpt":{"rendered":"<p>Deliciosos. \u00a1Pruebalos! Explora nuestra variedad de nieve en diferentes presentaciones y paletas congeladas, perfectas para cualquier ocasi\u00f3n. \u00a1Deliciosas y frescas! Contamos con diferentes presentaciones y precios: Litros desde $80 pesos (depende del sabor e ingredientes) Medio Litro $50 pesos (depende del sabor e ingredientes) Vaso 200 ml $30 pesos Paletas cilindricas $18 pesos y ovaladas [&hellip;]<\/p>\n","protected":false},"author":1,"featured_media":0,"parent":0,"menu_order":0,"comment_status":"closed","ping_status":"closed","template":"","meta":{"footnotes":""},"class_list":["post-5","page","type-page","status-publish","hentry"],"_links":{"self":[{"href":"https:\/\/nievesnn.com\/index.php?rest_route=\/wp\/v2\/pages\/5","targetHints":{"allow":["GET"]}}],"collection":[{"href":"https:\/\/nievesnn.com\/index.php?rest_route=\/wp\/v2\/pages"}],"about":[{"href":"https:\/\/nievesnn.com\/index.php?rest_route=\/wp\/v2\/types\/page"}],"author":[{"embeddable":true,"href":"https:\/\/nievesnn.com\/index.php?rest_route=\/wp\/v2\/users\/1"}],"replies":[{"embeddable":true,"href":"https:\/\/nievesnn.com\/index.php?rest_route=%2Fwp%2Fv2%2Fcomments&post=5"}],"version-history":[{"count":3,"href":"https:\/\/nievesnn.com\/index.php?rest_route=\/wp\/v2\/pages\/5\/revisions"}],"predecessor-version":[{"id":85,"href":"https:\/\/nievesnn.com\/index.php?rest_route=\/wp\/v2\/pages\/5\/revisions\/85"}],"wp:attachment":[{"href":"https:\/\/nievesnn.com\/index.php?rest_route=%2Fwp%2Fv2%2Fmedia&parent=5"}],"curies":[{"name":"wp","href":"https:\/\/api.w.org\/{rel}","templated":true}]}}